{"id":689,"date":"2021-08-17T19:03:12","date_gmt":"2021-08-18T00:03:12","guid":{"rendered":"\/dae\/?page_id=689"},"modified":"2021-12-07T21:22:51","modified_gmt":"2021-12-08T02:22:51","slug":"vigilancia-tecnologica","status":"publish","type":"page","link":"\/dae\/?page_id=689","title":{"rendered":"Vigilancia Tecnol\u00f3gica"},"content":{"rendered":"\t\t<div data-elementor-type=\"wp-page\" data-elementor-id=\"689\" class=\"elementor elementor-689\" data-elementor-settings=\"[]\">\n\t\t\t\t\t\t<div class=\"elementor-inner\">\n\t\t\t\t\t\t\t<div class=\"elementor-section-wrap\">\n\t\t\t\t\t\t\t<section class=\"elementor-section elementor-top-section elementor-element elementor-element-f9e521a elementor-section-boxed elementor-section-height-default elementor-section-height-default\" data-id=\"f9e521a\" data-element_type=\"section\" data-settings=\"{&quot;background_background&quot;:&quot;classic&quot;}\">\n\t\t\t\t\t\t\t<div class=\"elementor-background-overlay\"><\/div>\n\t\t\t\t\t\t\t<div class=\"elementor-container elementor-column-gap-default\">\n\t\t\t\t\t\t\t<div class=\"elementor-row\">\n\t\t\t\t\t<div class=\"elementor-column elementor-col-100 elementor-top-column elementor-element elementor-element-a4a9abb\" data-id=\"a4a9abb\" data-element_type=\"column\">\n\t\t\t<div class=\"elementor-column-wrap elementor-element-populated\">\n\t\t\t\t\t\t\t<div class=\"elementor-widget-wrap\">\n\t\t\t\t\t\t<div class=\"elementor-element elementor-element-1305149 elementor-widget elementor-widget-spacer\" data-id=\"1305149\" data-element_type=\"widget\" data-widget_type=\"spacer.default\">\n\t\t\t\t<div class=\"elementor-widget-container\">\n\t\t\t\t\t<div class=\"elementor-spacer\">\n\t\t\t<div class=\"elementor-spacer-inner\"><\/div>\n\t\t<\/div>\n\t\t\t\t<\/div>\n\t\t\t\t<\/div>\n\t\t\t\t<div class=\"elementor-element elementor-element-2574332 elementor-widget elementor-widget-image\" data-id=\"2574332\" data-element_type=\"widget\" data-widget_type=\"image.default\">\n\t\t\t\t<div class=\"elementor-widget-container\">\n\t\t\t\t\t<div class=\"elementor-image\">\n\t\t\t\t\t\t\t\t\t\t<img src=\"\/dae\/wp-content\/uploads\/elementor\/thumbs\/IyT-p9976b4cvs8w39ornhhef5nj491w5e1q7gb2rsr3jk.png\" title=\"IyT\" alt=\"IyT\" \/>\t\t\t\t\t\t\t\t\t\t\t<\/div>\n\t\t\t\t<\/div>\n\t\t\t\t<\/div>\n\t\t\t\t<div class=\"elementor-element elementor-element-b181bf0 elementor-widget elementor-widget-spacer\" data-id=\"b181bf0\" data-element_type=\"widget\" data-widget_type=\"spacer.default\">\n\t\t\t\t<div class=\"elementor-widget-container\">\n\t\t\t\t\t<div class=\"elementor-spacer\">\n\t\t\t<div class=\"elementor-spacer-inner\"><\/div>\n\t\t<\/div>\n\t\t\t\t<\/div>\n\t\t\t\t<\/div>\n\t\t\t\t<div class=\"elementor-element elementor-element-ea887af elementor-widget elementor-widget-heading\" data-id=\"ea887af\" data-element_type=\"widget\" data-widget_type=\"heading.default\">\n\t\t\t\t<div class=\"elementor-widget-container\">\n\t\t\t<h1 class=\"elementor-heading-title elementor-size-default\">Vigilancia Tecnol\u00f3gica<\/h1>\t\t<\/div>\n\t\t\t\t<\/div>\n\t\t\t\t<div class=\"elementor-element elementor-element-f87c8b4 elementor-widget-divider--view-line elementor-widget elementor-widget-divider\" data-id=\"f87c8b4\" data-element_type=\"widget\" data-widget_type=\"divider.default\">\n\t\t\t\t<div class=\"elementor-widget-container\">\n\t\t\t\t\t<div class=\"elementor-divider\">\n\t\t\t<span class=\"elementor-divider-separator\">\n\t\t\t\t\t\t<\/span>\n\t\t<\/div>\n\t\t\t\t<\/div>\n\t\t\t\t<\/div>\n\t\t\t\t\t\t<\/div>\n\t\t\t\t\t<\/div>\n\t\t<\/div>\n\t\t\t\t\t\t\t\t<\/div>\n\t\t\t\t\t<\/div>\n\t\t<\/section>\n\t\t\t\t<section class=\"elementor-section elementor-top-section elementor-element elementor-element-131f56a elementor-section-boxed elementor-section-height-default elementor-section-height-default\" data-id=\"131f56a\" data-element_type=\"section\">\n\t\t\t\t\t\t<div class=\"elementor-container elementor-column-gap-default\">\n\t\t\t\t\t\t\t<div class=\"elementor-row\">\n\t\t\t\t\t<div class=\"elementor-column elementor-col-100 elementor-top-column elementor-element elementor-element-10b1023\" data-id=\"10b1023\" data-element_type=\"column\">\n\t\t\t<div class=\"elementor-column-wrap elementor-element-populated\">\n\t\t\t\t\t\t\t<div class=\"elementor-widget-wrap\">\n\t\t\t\t\t\t<div class=\"elementor-element elementor-element-ac255d5 elementor-widget elementor-widget-spacer\" data-id=\"ac255d5\" data-element_type=\"widget\" data-widget_type=\"spacer.default\">\n\t\t\t\t<div class=\"elementor-widget-container\">\n\t\t\t\t\t<div class=\"elementor-spacer\">\n\t\t\t<div class=\"elementor-spacer-inner\"><\/div>\n\t\t<\/div>\n\t\t\t\t<\/div>\n\t\t\t\t<\/div>\n\t\t\t\t\t\t<\/div>\n\t\t\t\t\t<\/div>\n\t\t<\/div>\n\t\t\t\t\t\t\t\t<\/div>\n\t\t\t\t\t<\/div>\n\t\t<\/section>\n\t\t\t\t<section class=\"elementor-section elementor-top-section elementor-element elementor-element-3025418 elementor-section-boxed elementor-section-height-default elementor-section-height-default\" data-id=\"3025418\" data-element_type=\"section\" data-settings=\"{&quot;background_background&quot;:&quot;classic&quot;}\">\n\t\t\t\t\t\t\t<div class=\"elementor-background-overlay\"><\/div>\n\t\t\t\t\t\t\t<div class=\"elementor-container elementor-column-gap-default\">\n\t\t\t\t\t\t\t<div class=\"elementor-row\">\n\t\t\t\t\t<div class=\"elementor-column elementor-col-50 elementor-top-column elementor-element elementor-element-c731534\" data-id=\"c731534\" data-element_type=\"column\">\n\t\t\t<div class=\"elementor-column-wrap elementor-element-populated\">\n\t\t\t\t\t\t\t<div class=\"elementor-widget-wrap\">\n\t\t\t\t\t\t<div class=\"elementor-element elementor-element-f63e2a0 elementor-widget elementor-widget-heading\" data-id=\"f63e2a0\" data-element_type=\"widget\" data-widget_type=\"heading.default\">\n\t\t\t\t<div class=\"elementor-widget-container\">\n\t\t\t<h3 class=\"elementor-heading-title elementor-size-default\">\u00bfQu\u00e9 es?<\/h3>\t\t<\/div>\n\t\t\t\t<\/div>\n\t\t\t\t<div class=\"elementor-element elementor-element-17f0624 elementor-widget elementor-widget-text-editor\" data-id=\"17f0624\" data-element_type=\"widget\" data-widget_type=\"text-editor.default\">\n\t\t\t\t<div class=\"elementor-widget-container\">\n\t\t\t\t\t<div class=\"elementor-text-editor elementor-clearfix\"><p style=\"text-align: justify;\"><span>La Vigilancia Tecnol\u00f3gica es un proceso organizado, selectivo y permanente, de captar informaci\u00f3n del exterior y de la propia organizaci\u00f3n sobre ciencia y tecnolog\u00eda, seleccionarla, analizarla, difundirla y comunicarla, para convertirla en conocimiento para tomar decisiones con menor riesgo y poder anticiparse a los cambios. (Definici\u00f3n seg\u00fan norma UNE 166006:2011))<\/span><\/p><\/div>\n\t\t\t\t<\/div>\n\t\t\t\t<\/div>\n\t\t\t\t\t\t<\/div>\n\t\t\t\t\t<\/div>\n\t\t<\/div>\n\t\t\t\t<div class=\"elementor-column elementor-col-50 elementor-top-column elementor-element elementor-element-5ace5f7\" data-id=\"5ace5f7\" data-element_type=\"column\">\n\t\t\t<div class=\"elementor-column-wrap elementor-element-populated\">\n\t\t\t\t\t\t\t<div class=\"elementor-widget-wrap\">\n\t\t\t\t\t\t<div class=\"elementor-element elementor-element-1d8658a elementor-widget elementor-widget-image\" data-id=\"1d8658a\" data-element_type=\"widget\" data-widget_type=\"image.default\">\n\t\t\t\t<div class=\"elementor-widget-container\">\n\t\t\t\t\t<div class=\"elementor-image\">\n\t\t\t\t\t\t\t\t\t\t<img width=\"750\" height=\"312\" src=\"\/dae\/wp-content\/uploads\/2021\/08\/industry-3087393_1280-1024x426.jpg\" class=\"attachment-large size-large\" alt=\"\" loading=\"lazy\" srcset=\"\/dae\/wp-content\/uploads\/2021\/08\/industry-3087393_1280-1024x426.jpg 1024w, \/dae\/wp-content\/uploads\/2021\/08\/industry-3087393_1280-300x125.jpg 300w, \/dae\/wp-content\/uploads\/2021\/08\/industry-3087393_1280-768x320.jpg 768w, \/dae\/wp-content\/uploads\/2021\/08\/industry-3087393_1280.jpg 1280w\" sizes=\"(max-width: 750px) 100vw, 750px\" \/>\t\t\t\t\t\t\t\t\t\t\t<\/div>\n\t\t\t\t<\/div>\n\t\t\t\t<\/div>\n\t\t\t\t\t\t<\/div>\n\t\t\t\t\t<\/div>\n\t\t<\/div>\n\t\t\t\t\t\t\t\t<\/div>\n\t\t\t\t\t<\/div>\n\t\t<\/section>\n\t\t\t\t<section class=\"elementor-section elementor-top-section elementor-element elementor-element-9f36ce4 elementor-section-boxed elementor-section-height-default elementor-section-height-default\" data-id=\"9f36ce4\" data-element_type=\"section\">\n\t\t\t\t\t\t<div class=\"elementor-container elementor-column-gap-default\">\n\t\t\t\t\t\t\t<div class=\"elementor-row\">\n\t\t\t\t\t<div class=\"elementor-column elementor-col-100 elementor-top-column elementor-element elementor-element-de3e38a\" data-id=\"de3e38a\" data-element_type=\"column\">\n\t\t\t<div class=\"elementor-column-wrap elementor-element-populated\">\n\t\t\t\t\t\t\t<div class=\"elementor-widget-wrap\">\n\t\t\t\t\t\t<div class=\"elementor-element elementor-element-3225b8e elementor-widget elementor-widget-spacer\" data-id=\"3225b8e\" data-element_type=\"widget\" data-widget_type=\"spacer.default\">\n\t\t\t\t<div class=\"elementor-widget-container\">\n\t\t\t\t\t<div class=\"elementor-spacer\">\n\t\t\t<div class=\"elementor-spacer-inner\"><\/div>\n\t\t<\/div>\n\t\t\t\t<\/div>\n\t\t\t\t<\/div>\n\t\t\t\t\t\t<\/div>\n\t\t\t\t\t<\/div>\n\t\t<\/div>\n\t\t\t\t\t\t\t\t<\/div>\n\t\t\t\t\t<\/div>\n\t\t<\/section>\n\t\t\t\t<section class=\"elementor-section elementor-top-section elementor-element elementor-element-2de0a74 elementor-section-boxed elementor-section-height-default elementor-section-height-default\" data-id=\"2de0a74\" data-element_type=\"section\">\n\t\t\t\t\t\t<div class=\"elementor-container elementor-column-gap-default\">\n\t\t\t\t\t\t\t<div class=\"elementor-row\">\n\t\t\t\t\t<div class=\"elementor-column elementor-col-33 elementor-top-column elementor-element elementor-element-a0428e6\" data-id=\"a0428e6\" data-element_type=\"column\">\n\t\t\t<div class=\"elementor-column-wrap elementor-element-populated\">\n\t\t\t\t\t\t\t<div class=\"elementor-widget-wrap\">\n\t\t\t\t\t\t<div class=\"elementor-element elementor-element-9a61702 elementor-widget elementor-widget-heading\" data-id=\"9a61702\" data-element_type=\"widget\" data-widget_type=\"heading.default\">\n\t\t\t\t<div class=\"elementor-widget-container\">\n\t\t\t<h6 class=\"elementor-heading-title elementor-size-default\">\u00bfD\u00f3nde buscar informaci\u00f3n tecnol\u00f3gica?<\/h6>\t\t<\/div>\n\t\t\t\t<\/div>\n\t\t\t\t<div class=\"elementor-element elementor-element-b6a14b1 elementor-widget elementor-widget-text-editor\" data-id=\"b6a14b1\" data-element_type=\"widget\" data-widget_type=\"text-editor.default\">\n\t\t\t\t<div class=\"elementor-widget-container\">\n\t\t\t\t\t<div class=\"elementor-text-editor elementor-clearfix\"><p><strong>Biblioteca Universidad del Cauca<\/strong> <a href=\"https:\/\/biblio.unicauca.edu.co\/\">https:\/\/biblio.unicauca.edu.co\/<\/a><\/p><p><strong>Superintendencia de Industria y Comercio<\/strong> <a href=\"https:\/\/www.sic.gov.co\/base-de-datos\">https:\/\/www.sic.gov.co\/base-de-datos<\/a><\/p><p><strong>Bases de datos de patentes de diferentes pa\u00edses<\/strong> <a href=\"https:\/\/www.wipo.int\/patentscope\/es\/dbsearch\/national_databases.html\">https:\/\/www.wipo.int\/patentscope\/es\/dbsearch\/national_databases.html<\/a><\/p><p><strong>Base de datos de la WIPO<\/strong> <a href=\"https:\/\/www.wipo.int\/patentscope\/es\/\">https:\/\/www.wipo.int\/patentscope\/es\/<\/a><\/p><p><strong>Google patents<\/strong> <a href=\"https:\/\/patents.google.com\/\">https:\/\/patents.google.com\/<\/a><\/p><p><strong>Lens patents<\/strong> <a href=\"https:\/\/www.lens.org\/\">https:\/\/www.lens.org\/<\/a><\/p><\/div>\n\t\t\t\t<\/div>\n\t\t\t\t<\/div>\n\t\t\t\t\t\t<\/div>\n\t\t\t\t\t<\/div>\n\t\t<\/div>\n\t\t\t\t<div class=\"elementor-column elementor-col-33 elementor-top-column elementor-element elementor-element-8ccd2d4\" data-id=\"8ccd2d4\" data-element_type=\"column\">\n\t\t\t<div class=\"elementor-column-wrap elementor-element-populated\">\n\t\t\t\t\t\t\t<div class=\"elementor-widget-wrap\">\n\t\t\t\t\t\t<div class=\"elementor-element elementor-element-e54565b elementor-widget elementor-widget-heading\" data-id=\"e54565b\" data-element_type=\"widget\" data-widget_type=\"heading.default\">\n\t\t\t\t<div class=\"elementor-widget-container\">\n\t\t\t<h6 class=\"elementor-heading-title elementor-size-default\">Enlaces a Boletines de tecnol\u00f3gica<\/h6>\t\t<\/div>\n\t\t\t\t<\/div>\n\t\t\t\t<div class=\"elementor-element elementor-element-33a04eb elementor-widget elementor-widget-text-editor\" data-id=\"33a04eb\" data-element_type=\"widget\" data-widget_type=\"text-editor.default\">\n\t\t\t\t<div class=\"elementor-widget-container\">\n\t\t\t\t\t<div class=\"elementor-text-editor elementor-clearfix\"><p><strong>Ejemplos desarrollados en la Universidad del Cauca<\/strong> <a href=\"https:\/\/drive.google.com\/drive\/folders\/1WaxshN3JsT3WnPOsAauZemdow5h5-cwK?usp=sharing\">https:\/\/drive.google.com\/drive\/folders\/1WaxshN3JsT3WnPOsAauZemdow5h5-cwK?usp=sharing<\/a><\/p><p><strong>Observatorio Virtual de Vigilancia Tecnol\u00f3gica<\/strong> <a href=\"https:\/\/www.ovtt.org\/observa\/informacion-sectorial\/\">https:\/\/www.ovtt.org\/observa\/informacion-sectorial\/<\/a><\/p><\/div>\n\t\t\t\t<\/div>\n\t\t\t\t<\/div>\n\t\t\t\t\t\t<\/div>\n\t\t\t\t\t<\/div>\n\t\t<\/div>\n\t\t\t\t<div class=\"elementor-column elementor-col-33 elementor-top-column elementor-element elementor-element-ac5138f\" data-id=\"ac5138f\" data-element_type=\"column\">\n\t\t\t<div class=\"elementor-column-wrap elementor-element-populated\">\n\t\t\t\t\t\t\t<div class=\"elementor-widget-wrap\">\n\t\t\t\t\t\t<div class=\"elementor-element elementor-element-94d7301 elementor-widget elementor-widget-heading\" data-id=\"94d7301\" data-element_type=\"widget\" data-widget_type=\"heading.default\">\n\t\t\t\t<div class=\"elementor-widget-container\">\n\t\t\t<h6 class=\"elementor-heading-title elementor-size-default\">\u00bfQuieres saber m\u00e1s sobre vigilancia tecnol\u00f3gica?<\/h6>\t\t<\/div>\n\t\t\t\t<\/div>\n\t\t\t\t<div class=\"elementor-element elementor-element-5aeda2c elementor-widget elementor-widget-text-editor\" data-id=\"5aeda2c\" data-element_type=\"widget\" data-widget_type=\"text-editor.default\">\n\t\t\t\t<div class=\"elementor-widget-container\">\n\t\t\t\t\t<div class=\"elementor-text-editor elementor-clearfix\"><p><strong>Gu\u00eda de vigilancia tecnol\u00f3gica Unicauca<\/strong> <a href=\"https:\/\/issuu.com\/elenarodriguez-mendez\/docs\/guia_vigilancia_tecnologica_unicauca_final\">https:\/\/issuu.com\/elenarodriguez-mendez\/docs\/guia_vigilancia_tecnologica_unicauca_final<\/a><\/p><p><strong>Cont\u00e1ctanos al correo<\/strong> dae_vri@unicauca.edu.co<\/p><\/div>\n\t\t\t\t<\/div>\n\t\t\t\t<\/div>\n\t\t\t\t\t\t<\/div>\n\t\t\t\t\t<\/div>\n\t\t<\/div>\n\t\t\t\t\t\t\t\t<\/div>\n\t\t\t\t\t<\/div>\n\t\t<\/section>\n\t\t\t\t\t\t<\/div>\n\t\t\t\t\t\t<\/div>\n\t\t\t\t\t<\/div>\n\t\t","protected":false},"excerpt":{"rendered":"<p>Vigilancia Tecnol\u00f3gica \u00bfQu\u00e9 es? La Vigilancia Tecnol\u00f3gica es un proceso organizado, selectivo y permanente, de captar informaci\u00f3n del exterior y de la propia organizaci\u00f3n sobre ciencia y tecnolog\u00eda, seleccionarla, analizarla, difundirla y comunicarla, para convertirla en conocimiento para tomar decisiones con menor riesgo y poder anticiparse a los cambios. (Definici\u00f3n [&hellip;]<\/p>\n","protected":false},"author":1,"featured_media":0,"parent":0,"menu_order":0,"comment_status":"closed","ping_status":"closed","template":"elementor_header_footer","meta":[],"_links":{"self":[{"href":"\/dae\/index.php?rest_route=\/wp\/v2\/pages\/689"}],"collection":[{"href":"\/dae\/index.php?rest_route=\/wp\/v2\/pages"}],"about":[{"href":"\/dae\/index.php?rest_route=\/wp\/v2\/types\/page"}],"author":[{"embeddable":true,"href":"\/dae\/index.php?rest_route=\/wp\/v2\/users\/1"}],"replies":[{"embeddable":true,"href":"\/dae\/index.php?rest_route=%2Fwp%2Fv2%2Fcomments&post=689"}],"version-history":[{"count":5,"href":"\/dae\/index.php?rest_route=\/wp\/v2\/pages\/689\/revisions"}],"predecessor-version":[{"id":728,"href":"\/dae\/index.php?rest_route=\/wp\/v2\/pages\/689\/revisions\/728"}],"wp:attachment":[{"href":"\/dae\/index.php?rest_route=%2Fwp%2Fv2%2Fmedia&parent=689"}],"curies":[{"name":"wp","href":"https:\/\/api.w.org\/{rel}","templated":true}]}}